{"id":9,"date":"2023-03-29T14:07:34","date_gmt":"2023-03-29T14:07:34","guid":{"rendered":"https:\/\/terratrecruit.com\/?page_id=9"},"modified":"2025-02-04T16:31:33","modified_gmt":"2025-02-04T16:31:33","slug":"9-2","status":"publish","type":"page","link":"https:\/\/terratrecruit.com\/ro\/","title":{"rendered":"Home"},"content":{"rendered":"<p><div class=\"fusion-fullwidth fullwidth-box fusion-builder-row-1 fusion-flex-container has-pattern-background has-mask-background nonhundred-percent-fullwidth non-hundred-percent-height-scrolling fusion-custom-z-index\" style=\"--awb-border-radius-top-left:0px;--awb-border-radius-top-right:0px;--awb-border-radius-bottom-right:0px;--awb-border-radius-bottom-left:0px;--awb-z-index:1;--awb-flex-wrap:wrap;\" ><div class=\"fusion-builder-row fusion-row fusion-flex-align-items-flex-start fusion-flex-content-wrap\" style=\"max-width:1248px;margin-left: calc(-4% \/ 2 );margin-right: calc(-4% \/ 2 );\"><div class=\"fusion-layout-column fusion_builder_column fusion-builder-column-0 fusion_builder_column_1_1 1_1 fusion-flex-column\" style=\"--awb-bg-size:cover;--awb-width-large:100%;--awb-margin-top-large:0px;--awb-spacing-right-large:1.92%;--awb-margin-bottom-large:20px;--awb-spacing-left-large:1.92%;--awb-width-medium:100%;--awb-order-medium:0;--awb-spacing-right-medium:1.92%;--awb-spacing-left-medium:1.92%;--awb-width-small:100%;--awb-order-small:0;--awb-spacing-right-small:1.92%;--awb-spacing-left-small:1.92%;\"><div class=\"fusion-column-wrapper fusion-column-has-shadow fusion-flex-justify-content-flex-start fusion-content-layout-column\"><div class=\"fusion-image-element\" style=\"--awb-caption-title-font-family:var(--h2_typography-font-family);--awb-caption-title-font-weight:var(--h2_typography-font-weight);--awb-caption-title-font-style:var(--h2_typography-font-style);--awb-caption-title-size:var(--h2_typography-font-size);--awb-caption-title-transform:var(--h2_typography-text-transform);--awb-caption-title-line-height:var(--h2_typography-line-height);--awb-caption-title-letter-spacing:var(--h2_typography-letter-spacing);\"><span class=\"fusion-imageframe imageframe-none imageframe-1 hover-type-none\"><img decoding=\"async\" width=\"2000\" height=\"900\" title=\"Home\" src=\"https:\/\/terratrecruit.com\/wp-content\/uploads\/2023\/04\/Home.jpg\" alt class=\"img-responsive wp-image-1447\" srcset=\"https:\/\/terratrecruit.com\/wp-content\/uploads\/2023\/04\/Home-200x90.jpg 200w, https:\/\/terratrecruit.com\/wp-content\/uploads\/2023\/04\/Home-400x180.jpg 400w, https:\/\/terratrecruit.com\/wp-content\/uploads\/2023\/04\/Home-600x270.jpg 600w, https:\/\/terratrecruit.com\/wp-content\/uploads\/2023\/04\/Home-800x360.jpg 800w, https:\/\/terratrecruit.com\/wp-content\/uploads\/2023\/04\/Home-1200x540.jpg 1200w, https:\/\/terratrecruit.com\/wp-content\/uploads\/2023\/04\/Home.jpg 2000w\" sizes=\"(max-width: 640px) 100vw, 1200px\" \/><\/span><\/div><\/div><\/div><\/div><\/div><div class=\"fusion-fullwidth fullwidth-box fusion-builder-row-2 fusion-flex-container has-pattern-background has-mask-background nonhundred-percent-fullwidth non-hundred-percent-height-scrolling\" style=\"--awb-border-radius-top-left:0px;--awb-border-radius-top-right:0px;--awb-border-radius-bottom-right:0px;--awb-border-radius-bottom-left:0px;--awb-flex-wrap:wrap;\" ><div class=\"fusion-builder-row fusion-row fusion-flex-align-items-flex-start fusion-flex-content-wrap\" style=\"max-width:1248px;margin-left: calc(-4% \/ 2 );margin-right: calc(-4% \/ 2 );\"><div class=\"fusion-layout-column fusion_builder_column fusion-builder-column-1 fusion_builder_column_1_1 1_1 fusion-flex-column\" style=\"--awb-bg-size:cover;--awb-width-large:100%;--awb-margin-top-large:0px;--awb-spacing-right-large:1.92%;--awb-margin-bottom-large:20px;--awb-spacing-left-large:1.92%;--awb-width-medium:100%;--awb-order-medium:0;--awb-spacing-right-medium:1.92%;--awb-spacing-left-medium:1.92%;--awb-width-small:100%;--awb-order-small:0;--awb-spacing-right-small:1.92%;--awb-spacing-left-small:1.92%;\"><div class=\"fusion-column-wrapper fusion-column-has-shadow fusion-flex-justify-content-flex-start fusion-content-layout-column\"><div class=\"fusion-title title fusion-title-1 fusion-sep-none fusion-title-text fusion-title-size-one\" style=\"--awb-margin-top-small:10px;--awb-margin-right-small:0px;--awb-margin-bottom-small:10px;--awb-margin-left-small:0px;\"><h1 class=\"fusion-title-heading title-heading-left\" style=\"margin:0;\">Despre Noi<\/h1><\/div><div class=\"fusion-text fusion-text-1\"><p>Bun venit la Terrat<\/p>\n<p>Suntem o agen\u021bie specializat\u0103 \u00een domeniul ingineriei \u0219i construc\u021biilor, care lucreaz\u0103 cu clien\u021bi importan\u021bi pe pia\u021ba din Europa<\/p>\n<p>Terrat are o vast\u0103 experien\u021b\u0103 \u0219i know-how \u00een sectoarele ingineriei, construc\u021biilor, industriei \u0219i logisticii. Suntem competen\u021bi, ambi\u021bio\u0219i \u0219i inovativi, cu o viziune in a oferi clien\u021bilor no\u0219tri solu\u021bii specializate \u0219i optimizate pentru a-\u0219i \u00eendeplini cerin\u021bele de for\u021b\u0103 de munc\u0103, oferind \u00een plus un serviciu de cea mai bun\u0103 calitate \u00een acest domeniu.<\/p>\n<p>Terrat se bazeaz\u0103 pe persoane calificate, care caut\u0103 proiecte de calitate cu perspective de cre\u0219tere \u0219i continuitate. Noi le sprijinim \u00een c\u0103utarea acestor noi provoc\u0103ri \u00een care se asigur\u0103 monitorizarea, protec\u021bia \u0219i \u00eencrederea.<\/p>\n<\/div><div ><a class=\"fusion-button button-flat fusion-button-default-size button-custom fusion-button-default button-1 fusion-button-default-span fusion-button-default-type\" style=\"--button_accent_color:var(--awb-color1);--button_accent_hover_color:var(--awb-color1);--button_border_hover_color:var(--awb-color1);--button_gradient_top_color:#0d345b;--button_gradient_bottom_color:#0d345b;--button_gradient_top_color_hover:hsla(var(--awb-color5-h),calc(var(--awb-color5-s) - 5%),calc(var(--awb-color5-l) - 10%),var(--awb-color5-a));--button_gradient_bottom_color_hover:hsla(var(--awb-color5-h),calc(var(--awb-color5-s) - 5%),calc(var(--awb-color5-l) - 10%),var(--awb-color5-a));\" target=\"_self\" href=\"https:\/\/terratrecruit.com\/ro\/jobseeker-application\/\"><span class=\"fusion-button-text awb-button__text awb-button__text--default\">Recrutare <\/span><\/a><\/div><\/div><\/div><div class=\"fusion-layout-column fusion_builder_column fusion-builder-column-2 fusion_builder_column_1_1 1_1 fusion-flex-column\" style=\"--awb-bg-size:cover;--awb-width-large:100%;--awb-margin-top-large:0px;--awb-spacing-right-large:1.92%;--awb-margin-bottom-large:20px;--awb-spacing-left-large:1.92%;--awb-width-medium:100%;--awb-order-medium:0;--awb-spacing-right-medium:1.92%;--awb-spacing-left-medium:1.92%;--awb-width-small:100%;--awb-order-small:0;--awb-spacing-right-small:1.92%;--awb-spacing-left-small:1.92%;\"><div class=\"fusion-column-wrapper fusion-column-has-shadow fusion-flex-justify-content-flex-start fusion-content-layout-column\"><div class=\"fusion-title title fusion-title-2 fusion-sep-none fusion-title-text fusion-title-size-one\" style=\"--awb-margin-top-small:10px;--awb-margin-right-small:0px;--awb-margin-bottom-small:10px;--awb-margin-left-small:0px;\"><h1 class=\"fusion-title-heading title-heading-left\" style=\"margin:0;\">Misiunea Noastra<\/h1><\/div><div class=\"fusion-text fusion-text-2\"><p>Terrat, se doreste a fi un brand de \u00eencredere pe pia\u021ba for\u021bei de munc\u0103, oferind cel mai bun produs \u00een servicii, pe care clien\u021bii no\u0219tri pot s\u0103-l foloseasca in g\u0103sirea de personal califica\u021b \u0219i motiva\u021b pentru pozitiile lor vacante. De asemenea, dorim ca persoanele aflate \u00een c\u0103utarea unui loc de munc\u0103 s\u0103 se simt\u0103 confortabil \u00een cunoa\u0219terea faptului c\u0103 ne vom str\u0103dui s\u0103 le g\u0103sim cele mai bune locuri de munca cu companii de v\u00e2rf \u0219i s\u0103 le sprijinim \u00een dezvoltarea \u0219i cresterea lor profesional\u0103.<\/p>\n<p>Terrat caut\u0103 s\u0103 diversifice op\u021biunile profesionale disponibile pentru solicitan\u021bii no\u0219tri de locuri de munc\u0103. Ne propunem s\u0103 satisfacem specificul fiec\u0103rui profil al c\u0103ut\u0103torilor de locuri de munc\u0103, adapt\u00e2ndu-i la nevoile pe care clien\u021bii no\u0219tri le cer.<\/p>\n<\/div><\/div><\/div><\/div><\/div><\/p>","protected":false},"excerpt":{"rendered":"","protected":false},"author":1,"featured_media":0,"parent":0,"menu_order":6,"comment_status":"closed","ping_status":"closed","template":"","meta":{"footnotes":""},"class_list":["post-9","page","type-page","status-publish","hentry"],"_links":{"self":[{"href":"https:\/\/terratrecruit.com\/ro\/wp-json\/wp\/v2\/pages\/9","targetHints":{"allow":["GET"]}}],"collection":[{"href":"https:\/\/terratrecruit.com\/ro\/wp-json\/wp\/v2\/pages"}],"about":[{"href":"https:\/\/terratrecruit.com\/ro\/wp-json\/wp\/v2\/types\/page"}],"author":[{"embeddable":true,"href":"https:\/\/terratrecruit.com\/ro\/wp-json\/wp\/v2\/users\/1"}],"replies":[{"embeddable":true,"href":"https:\/\/terratrecruit.com\/ro\/wp-json\/wp\/v2\/comments?post=9"}],"version-history":[{"count":0,"href":"https:\/\/terratrecruit.com\/ro\/wp-json\/wp\/v2\/pages\/9\/revisions"}],"wp:attachment":[{"href":"https:\/\/terratrecruit.com\/ro\/wp-json\/wp\/v2\/media?parent=9"}],"curies":[{"name":"wp","href":"https:\/\/api.w.org\/{rel}","templated":true}]}}