{"id":1394,"date":"2023-03-29T14:24:38","date_gmt":"2023-03-29T14:24:38","guid":{"rendered":"https:\/\/terratrecruit.com\/?page_id=1394"},"modified":"2023-04-07T10:42:15","modified_gmt":"2023-04-07T10:42:15","slug":"about-us","status":"publish","type":"page","link":"https:\/\/terratrecruit.com\/ro\/about-us\/","title":{"rendered":"Despre Noi"},"content":{"rendered":"<p><div class=\"fusion-fullwidth fullwidth-box fusion-builder-row-1 fusion-flex-container has-pattern-background has-mask-background nonhundred-percent-fullwidth non-hundred-percent-height-scrolling fusion-custom-z-index\" style=\"--awb-border-radius-top-left:0px;--awb-border-radius-top-right:0px;--awb-border-radius-bottom-right:0px;--awb-border-radius-bottom-left:0px;--awb-z-index:1;--awb-flex-wrap:wrap;\" ><div class=\"fusion-builder-row fusion-row fusion-flex-align-items-flex-start fusion-flex-content-wrap\" style=\"max-width:1248px;margin-left: calc(-4% \/ 2 );margin-right: calc(-4% \/ 2 );\"><div class=\"fusion-layout-column fusion_builder_column fusion-builder-column-0 fusion_builder_column_1_1 1_1 fusion-flex-column\" style=\"--awb-bg-size:cover;--awb-width-large:100%;--awb-margin-top-large:0px;--awb-spacing-right-large:1.92%;--awb-margin-bottom-large:20px;--awb-spacing-left-large:1.92%;--awb-width-medium:100%;--awb-order-medium:0;--awb-spacing-right-medium:1.92%;--awb-spacing-left-medium:1.92%;--awb-width-small:100%;--awb-order-small:0;--awb-spacing-right-small:1.92%;--awb-spacing-left-small:1.92%;\"><div class=\"fusion-column-wrapper fusion-column-has-shadow fusion-flex-justify-content-flex-start fusion-content-layout-column\"><div class=\"fusion-image-element\" style=\"--awb-caption-title-font-family:var(--h2_typography-font-family);--awb-caption-title-font-weight:var(--h2_typography-font-weight);--awb-caption-title-font-style:var(--h2_typography-font-style);--awb-caption-title-size:var(--h2_typography-font-size);--awb-caption-title-transform:var(--h2_typography-text-transform);--awb-caption-title-line-height:var(--h2_typography-line-height);--awb-caption-title-letter-spacing:var(--h2_typography-letter-spacing);\"><span class=\"fusion-imageframe imageframe-none imageframe-1 hover-type-none\"><img decoding=\"async\" width=\"2000\" height=\"900\" title=\"shutterstock_285300212\" src=\"https:\/\/terratrecruit.com\/wp-content\/uploads\/2023\/04\/shutterstock_285300212.jpg\" alt class=\"img-responsive wp-image-1448\" srcset=\"https:\/\/terratrecruit.com\/wp-content\/uploads\/2023\/04\/shutterstock_285300212-200x90.jpg 200w, https:\/\/terratrecruit.com\/wp-content\/uploads\/2023\/04\/shutterstock_285300212-400x180.jpg 400w, https:\/\/terratrecruit.com\/wp-content\/uploads\/2023\/04\/shutterstock_285300212-600x270.jpg 600w, https:\/\/terratrecruit.com\/wp-content\/uploads\/2023\/04\/shutterstock_285300212-800x360.jpg 800w, https:\/\/terratrecruit.com\/wp-content\/uploads\/2023\/04\/shutterstock_285300212-1200x540.jpg 1200w, https:\/\/terratrecruit.com\/wp-content\/uploads\/2023\/04\/shutterstock_285300212.jpg 2000w\" sizes=\"(max-width: 640px) 100vw, 1200px\" \/><\/span><\/div><\/div><\/div><\/div><\/div><div class=\"fusion-fullwidth fullwidth-box fusion-builder-row-2 fusion-flex-container has-pattern-background has-mask-background nonhundred-percent-fullwidth non-hundred-percent-height-scrolling\" style=\"--awb-border-radius-top-left:0px;--awb-border-radius-top-right:0px;--awb-border-radius-bottom-right:0px;--awb-border-radius-bottom-left:0px;--awb-flex-wrap:wrap;\" ><div class=\"fusion-builder-row fusion-row fusion-flex-align-items-flex-start fusion-flex-content-wrap\" style=\"max-width:1248px;margin-left: calc(-4% \/ 2 );margin-right: calc(-4% \/ 2 );\"><div class=\"fusion-layout-column fusion_builder_column fusion-builder-column-1 fusion_builder_column_1_1 1_1 fusion-flex-column\" style=\"--awb-bg-size:cover;--awb-width-large:100%;--awb-margin-top-large:0px;--awb-spacing-right-large:1.92%;--awb-margin-bottom-large:20px;--awb-spacing-left-large:1.92%;--awb-width-medium:100%;--awb-order-medium:0;--awb-spacing-right-medium:1.92%;--awb-spacing-left-medium:1.92%;--awb-width-small:100%;--awb-order-small:0;--awb-spacing-right-small:1.92%;--awb-spacing-left-small:1.92%;\"><div class=\"fusion-column-wrapper fusion-column-has-shadow fusion-flex-justify-content-flex-start fusion-content-layout-column\"><div class=\"fusion-title title fusion-title-1 fusion-sep-none fusion-title-text fusion-title-size-one\" style=\"--awb-margin-top-small:10px;--awb-margin-right-small:0px;--awb-margin-bottom-small:10px;--awb-margin-left-small:0px;\"><h1 class=\"fusion-title-heading title-heading-left\" style=\"margin:0;\">De ce sa alegeti Terrat?<\/h1><\/div><div class=\"fusion-text fusion-text-1\"><ul>\n<li>Terrat ofer\u0103 serviciile sale unui portofoliu larg de clien\u021bi cu proiecte consolidate \u0219i \u00een curs de dezvoltare \u00een domeniile ingineriei, construc\u021biilor, industriei \u0219i logisticii din \u00eentreaga Europ\u0103.<\/li>\n<li>Terrat dispune de recrutori profesioni\u0219ti, cu \u00eenalt\u0103 calificare \u0219i motivati, cu experien\u021b\u0103 vast\u0103 \u00een domeniile lor \u0219i a c\u0103ror filosofie de lucru se axeaz\u0103 pe calitatea serviciilor \u0219i satisfac\u021bia clien\u021bilor no\u0219tri \u0219i a persoanelor care caut\u0103 un loc de munc\u0103.<\/li>\n<li>Terrat se concentreaz\u0103 pe \u00eencrederea clien\u021bilor \u0219i a solicitan\u021bilor de locuri de munc\u0103, stabilind o rela\u021bie de proximitate \u0219i insotire pe tot parcusul procesului de recrutare, permi\u021b\u00e2nd astfel prezentarea celor mai bune servicii profesionale disponibile.<\/li>\n<li>Clien\u021bii \u0219i persoanele aflate \u00een c\u0103utarea unui loc de munc\u0103 care apeleaza la serviciile Terrat sunt conduse de principiul respectarii cu stricte\u021be a legisla\u021biei \u00een diferite jurisdic\u021bii \/ \u021b\u0103ri \u00een care opereaz\u0103 \u0219i anume: din punct de vedere al muncii, social \u0219i de siguran\u021b\u0103.<\/li>\n<li>Terrat urm\u0103re\u0219te s\u0103 ofere solicitan\u021bilor de locuri de munc\u0103 proiecte atractive, adaptate experien\u021bei, competen\u021bei \u0219i a\u0219tept\u0103rilor lor, cu o transparen\u021b\u0103 maxim\u0103.<\/li>\n<li>Terrat se va asigura c\u0103 to\u021bi candida\u021bii propusi pentru ocuparea unui loc de munc\u0103 sunt selectati \u00een concordanta cu caracteristicile individuale ale postului, oferind detalii specifice privind locul de munc\u0103, duratele de munc\u0103 preconizate, condi\u021biile de baz\u0103 ale contractului, cerin\u021bele specifice ale postului \u0219i orice alte condi\u021bii de munc\u0103.<\/li>\n<\/ul>\n<\/div><\/div><\/div><\/div><\/div><\/p>","protected":false},"excerpt":{"rendered":"","protected":false},"author":1,"featured_media":0,"parent":0,"menu_order":6,"comment_status":"closed","ping_status":"closed","template":"","meta":{"footnotes":""},"class_list":["post-1394","page","type-page","status-publish","hentry"],"_links":{"self":[{"href":"https:\/\/terratrecruit.com\/ro\/wp-json\/wp\/v2\/pages\/1394","targetHints":{"allow":["GET"]}}],"collection":[{"href":"https:\/\/terratrecruit.com\/ro\/wp-json\/wp\/v2\/pages"}],"about":[{"href":"https:\/\/terratrecruit.com\/ro\/wp-json\/wp\/v2\/types\/page"}],"author":[{"embeddable":true,"href":"https:\/\/terratrecruit.com\/ro\/wp-json\/wp\/v2\/users\/1"}],"replies":[{"embeddable":true,"href":"https:\/\/terratrecruit.com\/ro\/wp-json\/wp\/v2\/comments?post=1394"}],"version-history":[{"count":0,"href":"https:\/\/terratrecruit.com\/ro\/wp-json\/wp\/v2\/pages\/1394\/revisions"}],"wp:attachment":[{"href":"https:\/\/terratrecruit.com\/ro\/wp-json\/wp\/v2\/media?parent=1394"}],"curies":[{"name":"wp","href":"https:\/\/api.w.org\/{rel}","templated":true}]}}