{"id":1417,"date":"2023-03-29T15:58:51","date_gmt":"2023-03-29T15:58:51","guid":{"rendered":"https:\/\/terratrecruit.com\/?page_id=1417"},"modified":"2023-04-24T16:35:34","modified_gmt":"2023-04-24T16:35:34","slug":"engineering-vacancies","status":"publish","type":"page","link":"https:\/\/terratrecruit.com\/pl\/engineering-vacancies\/","title":{"rendered":"Praca dla in\u017cynier\u00f3w"},"content":{"rendered":"<div class=\"job-listing row clearfix\"><div class=\"column medium-12 col-md-12\"><div class=\"job-preview clearfix\" ><div class=\"job-content\"><h5><a href=\"https:\/\/terratrecruit.com\/pl\/job\/kierowca-operator-maszyn-i-sprzetow-tunelowych-praca-w-tunelu-we-francji\/\" target=\"_self\"><span>Kierowca \/ operator maszyn i sprz\u0119t\u00f3w tunelowych - praca w tunelu we Francji<\/span><\/a><\/h5><div class=\"job-additional-information\"><span>Pary\u017c, Tuluza, Lyon<\/span><span class=\"job-preview-details-separator\">, <span><span>Full-time<\/span><\/div><\/div><div class=\"job-cta\"><a href=\"https:\/\/terratrecruit.com\/pl\/job\/kierowca-operator-maszyn-i-sprzetow-tunelowych-praca-w-tunelu-we-francji\/\" target=\"_self\" class=\"apply-btn local\">View<\/a><\/div><\/div><div class=\"job-preview clearfix\" ><div class=\"job-content\"><h5><a href=\"https:\/\/terratrecruit.com\/pl\/job\/mechanik-tunelowy-mechanik-tbm-praca-we-francji\/\" target=\"_self\"><span>Mechanik tunelowy \/ mechanik TBM - praca we Francji<\/span><\/a><\/h5><div class=\"job-additional-information\"><span>Pary\u017c, Tuluza, Lyon<\/span><span class=\"job-preview-details-separator\">, <span><span>Full-time<\/span><\/div><\/div><div class=\"job-cta\"><a href=\"https:\/\/terratrecruit.com\/pl\/job\/mechanik-tunelowy-mechanik-tbm-praca-we-francji\/\" target=\"_self\" class=\"apply-btn local\">View<\/a><\/div><\/div><div class=\"job-preview clearfix\" ><div class=\"job-content\"><h5><a href=\"https:\/\/terratrecruit.com\/pl\/job\/tbm-team-leader-praca-w-tunelu-we-francji\/\" target=\"_self\"><span>TBM Team Leader - praca w tunelu we Francji<\/span><\/a><\/h5><div class=\"job-additional-information\"><span>Pary\u017c, Tuluza, Lyon<\/span><span class=\"job-preview-details-separator\">, <span><span>Full-time<\/span><\/div><\/div><div class=\"job-cta\"><a href=\"https:\/\/terratrecruit.com\/pl\/job\/tbm-team-leader-praca-w-tunelu-we-francji\/\" target=\"_self\" class=\"apply-btn local\">View<\/a><\/div><\/div><div class=\"job-preview clearfix\" ><div class=\"job-content\"><h5><a href=\"https:\/\/terratrecruit.com\/pl\/job\/health-safety-officer\/\" target=\"_self\"><span>Health and Safety Officer - Belgium<\/span><\/a><\/h5><div class=\"job-additional-information\"><span>Mons<\/span><span class=\"job-preview-details-separator\">, <span><span>Full-time<\/span><\/div><\/div><div class=\"job-cta\"><a href=\"https:\/\/terratrecruit.com\/pl\/job\/health-safety-officer\/\" target=\"_self\" class=\"apply-btn local\">View<\/a><\/div><\/div><div class=\"job-preview clearfix\" ><div class=\"job-content\"><h5><a href=\"https:\/\/terratrecruit.com\/pl\/job\/12027\/\" target=\"_self\"><span>Mechanik tunelowy - prace podziemne \/ FRANCJA<\/span><\/a><\/h5><div class=\"job-additional-information\"><span>Mulhouse<\/span><span class=\"job-preview-details-separator\">, <span><span>Full-time<\/span><\/div><\/div><div class=\"job-cta\"><a href=\"https:\/\/terratrecruit.com\/pl\/job\/12027\/\" target=\"_self\" class=\"apply-btn local\">View<\/a><\/div><\/div><div class=\"job-preview clearfix\" ><div class=\"job-content\"><h5><a href=\"https:\/\/terratrecruit.com\/pl\/job\/elektryk-team-leader-holandia\/\" target=\"_self\"><span>Elektryk - Team leader \/ Holandia<\/span><\/a><\/h5><div class=\"job-additional-information\"><span>Amsterdam<\/span><span class=\"job-preview-details-separator\">, <span><span>Full-time<\/span><\/div><\/div><div class=\"job-cta\"><a href=\"https:\/\/terratrecruit.com\/pl\/job\/elektryk-team-leader-holandia\/\" target=\"_self\" class=\"apply-btn local\">View<\/a><\/div><\/div><div class=\"job-preview clearfix\" ><div class=\"job-content\"><h5><a href=\"https:\/\/terratrecruit.com\/pl\/job\/kierownik-operatorow-urzadzen-dzwigowych-niemcy\/\" target=\"_self\"><span>Kierownik operator\u00f3w urz\u0105dze\u0144 d\u017awigowych - Niemcy<\/span><\/a><\/h5><div class=\"job-additional-information\"><span>Full-time<\/span><\/div><\/div><div class=\"job-cta\"><a href=\"https:\/\/terratrecruit.com\/pl\/job\/kierownik-operatorow-urzadzen-dzwigowych-niemcy\/\" target=\"_self\" class=\"apply-btn local\">View<\/a><\/div><\/div><div class=\"job-preview clearfix\" ><div class=\"job-content\"><h5><a href=\"https:\/\/terratrecruit.com\/pl\/job\/setting-out-engineer-germany\/\" target=\"_self\"><span>Setting Out Engineer - Germany<\/span><\/a><\/h5><div class=\"job-additional-information\"><span>Kelsterbach<\/span><span class=\"job-preview-details-separator\">, <span><span>Full-time<\/span><\/div><\/div><div class=\"job-cta\"><a href=\"https:\/\/terratrecruit.com\/pl\/job\/setting-out-engineer-germany\/\" target=\"_self\" class=\"apply-btn local\">View<\/a><\/div><\/div><div class=\"job-preview clearfix\" ><div class=\"job-content\"><h5><a href=\"https:\/\/terratrecruit.com\/pl\/job\/steelfixing-foreman-supervisor-denmark\/\" target=\"_self\"><span>Kierownik rob\u00f3t zbrojarskich \/ Supervisor - Dania<\/span><\/a><\/h5><div class=\"job-additional-information\"><span>Rodby<\/span><span class=\"job-preview-details-separator\">, <span><span>Full-time<\/span><\/div><\/div><div class=\"job-cta\"><a href=\"https:\/\/terratrecruit.com\/pl\/job\/steelfixing-foreman-supervisor-denmark\/\" target=\"_self\" class=\"apply-btn local\">View<\/a><\/div><\/div><div class=\"job-preview clearfix\" ><div class=\"job-content\"><h5><a href=\"https:\/\/terratrecruit.com\/pl\/job\/instrument-technicians-cork-ireland\/\" target=\"_self\"><span>Instrument Technicians - Ireland<\/span><\/a><\/h5><div class=\"job-additional-information\"><span>Cork<\/span><span class=\"job-preview-details-separator\">, <span><span>Full-time<\/span><\/div><\/div><div class=\"job-cta\"><a href=\"https:\/\/terratrecruit.com\/pl\/job\/instrument-technicians-cork-ireland\/\" target=\"_self\" class=\"apply-btn local\">View<\/a><\/div><\/div><\/div><\/div><div class=\"pagination column medium-12\"><span aria-current=\"page\" class=\"page-numbers current\">1<\/span>\n<a class=\"page-numbers\" href=\"https:\/\/terratrecruit.com\/pl\/wp-json\/wp\/v2\/pages\/1417\/page\/2\/\">2<\/a>\n<a class=\"next page-numbers\" href=\"https:\/\/terratrecruit.com\/pl\/wp-json\/wp\/v2\/pages\/1417\/page\/2\/\">&raquo;<\/a><\/div>","protected":false},"excerpt":{"rendered":"","protected":false},"author":1,"featured_media":0,"parent":0,"menu_order":6,"comment_status":"closed","ping_status":"closed","template":"","meta":{"footnotes":""},"class_list":["post-1417","page","type-page","status-publish","hentry"],"_links":{"self":[{"href":"https:\/\/terratrecruit.com\/pl\/wp-json\/wp\/v2\/pages\/1417","targetHints":{"allow":["GET"]}}],"collection":[{"href":"https:\/\/terratrecruit.com\/pl\/wp-json\/wp\/v2\/pages"}],"about":[{"href":"https:\/\/terratrecruit.com\/pl\/wp-json\/wp\/v2\/types\/page"}],"author":[{"embeddable":true,"href":"https:\/\/terratrecruit.com\/pl\/wp-json\/wp\/v2\/users\/1"}],"replies":[{"embeddable":true,"href":"https:\/\/terratrecruit.com\/pl\/wp-json\/wp\/v2\/comments?post=1417"}],"version-history":[{"count":0,"href":"https:\/\/terratrecruit.com\/pl\/wp-json\/wp\/v2\/pages\/1417\/revisions"}],"wp:attachment":[{"href":"https:\/\/terratrecruit.com\/pl\/wp-json\/wp\/v2\/media?parent=1417"}],"curies":[{"name":"wp","href":"https:\/\/api.w.org\/{rel}","templated":true}]}}