{"id":1394,"date":"2023-03-29T14:24:38","date_gmt":"2023-03-29T14:24:38","guid":{"rendered":"https:\/\/terratrecruit.com\/?page_id=1394"},"modified":"2023-04-07T10:42:15","modified_gmt":"2023-04-07T10:42:15","slug":"about-us","status":"publish","type":"page","link":"https:\/\/terratrecruit.com\/pl\/about-us\/","title":{"rendered":"O Nas"},"content":{"rendered":"<p><div class=\"fusion-fullwidth fullwidth-box fusion-builder-row-1 fusion-flex-container has-pattern-background has-mask-background nonhundred-percent-fullwidth non-hundred-percent-height-scrolling fusion-custom-z-index\" style=\"--awb-border-radius-top-left:0px;--awb-border-radius-top-right:0px;--awb-border-radius-bottom-right:0px;--awb-border-radius-bottom-left:0px;--awb-z-index:1;--awb-flex-wrap:wrap;\" ><div class=\"fusion-builder-row fusion-row fusion-flex-align-items-flex-start fusion-flex-content-wrap\" style=\"max-width:1248px;margin-left: calc(-4% \/ 2 );margin-right: calc(-4% \/ 2 );\"><div class=\"fusion-layout-column fusion_builder_column fusion-builder-column-0 fusion_builder_column_1_1 1_1 fusion-flex-column\" style=\"--awb-bg-size:cover;--awb-width-large:100%;--awb-margin-top-large:0px;--awb-spacing-right-large:1.92%;--awb-margin-bottom-large:20px;--awb-spacing-left-large:1.92%;--awb-width-medium:100%;--awb-order-medium:0;--awb-spacing-right-medium:1.92%;--awb-spacing-left-medium:1.92%;--awb-width-small:100%;--awb-order-small:0;--awb-spacing-right-small:1.92%;--awb-spacing-left-small:1.92%;\"><div class=\"fusion-column-wrapper fusion-column-has-shadow fusion-flex-justify-content-flex-start fusion-content-layout-column\"><div class=\"fusion-image-element\" style=\"--awb-caption-title-font-family:var(--h2_typography-font-family);--awb-caption-title-font-weight:var(--h2_typography-font-weight);--awb-caption-title-font-style:var(--h2_typography-font-style);--awb-caption-title-size:var(--h2_typography-font-size);--awb-caption-title-transform:var(--h2_typography-text-transform);--awb-caption-title-line-height:var(--h2_typography-line-height);--awb-caption-title-letter-spacing:var(--h2_typography-letter-spacing);\"><span class=\"fusion-imageframe imageframe-none imageframe-1 hover-type-none\"><img decoding=\"async\" width=\"2000\" height=\"900\" title=\"shutterstock_285300212\" src=\"https:\/\/terratrecruit.com\/wp-content\/uploads\/2023\/04\/shutterstock_285300212.jpg\" alt class=\"img-responsive wp-image-1448\" srcset=\"https:\/\/terratrecruit.com\/wp-content\/uploads\/2023\/04\/shutterstock_285300212-200x90.jpg 200w, https:\/\/terratrecruit.com\/wp-content\/uploads\/2023\/04\/shutterstock_285300212-400x180.jpg 400w, https:\/\/terratrecruit.com\/wp-content\/uploads\/2023\/04\/shutterstock_285300212-600x270.jpg 600w, https:\/\/terratrecruit.com\/wp-content\/uploads\/2023\/04\/shutterstock_285300212-800x360.jpg 800w, https:\/\/terratrecruit.com\/wp-content\/uploads\/2023\/04\/shutterstock_285300212-1200x540.jpg 1200w, https:\/\/terratrecruit.com\/wp-content\/uploads\/2023\/04\/shutterstock_285300212.jpg 2000w\" sizes=\"(max-width: 640px) 100vw, 1200px\" \/><\/span><\/div><\/div><\/div><\/div><\/div><div class=\"fusion-fullwidth fullwidth-box fusion-builder-row-2 fusion-flex-container has-pattern-background has-mask-background nonhundred-percent-fullwidth non-hundred-percent-height-scrolling\" style=\"--awb-border-radius-top-left:0px;--awb-border-radius-top-right:0px;--awb-border-radius-bottom-right:0px;--awb-border-radius-bottom-left:0px;--awb-flex-wrap:wrap;\" ><div class=\"fusion-builder-row fusion-row fusion-flex-align-items-flex-start fusion-flex-content-wrap\" style=\"max-width:1248px;margin-left: calc(-4% \/ 2 );margin-right: calc(-4% \/ 2 );\"><div class=\"fusion-layout-column fusion_builder_column fusion-builder-column-1 fusion_builder_column_1_1 1_1 fusion-flex-column\" style=\"--awb-bg-size:cover;--awb-width-large:100%;--awb-margin-top-large:0px;--awb-spacing-right-large:1.92%;--awb-margin-bottom-large:20px;--awb-spacing-left-large:1.92%;--awb-width-medium:100%;--awb-order-medium:0;--awb-spacing-right-medium:1.92%;--awb-spacing-left-medium:1.92%;--awb-width-small:100%;--awb-order-small:0;--awb-spacing-right-small:1.92%;--awb-spacing-left-small:1.92%;\"><div class=\"fusion-column-wrapper fusion-column-has-shadow fusion-flex-justify-content-flex-start fusion-content-layout-column\"><div class=\"fusion-title title fusion-title-1 fusion-sep-none fusion-title-text fusion-title-size-one\" style=\"--awb-margin-top-small:10px;--awb-margin-right-small:0px;--awb-margin-bottom-small:10px;--awb-margin-left-small:0px;\"><h1 class=\"fusion-title-heading title-heading-left\" style=\"margin:0;\">Dlaczego warto wybra\u0107 Terrat?<\/h1><\/div><div class=\"fusion-text fusion-text-1\"><ul>\n<li>Terrat \u015bwiadczy swoje us\u0142ugi dla szerokiego grona klient\u00f3w, dzi\u0119ki skonsolidowanym i szybko rozwijaj\u0105cym si\u0119 projektom w dziedzinie in\u017cynierii, budownictwa, przemys\u0142u i logistyki w ca\u0142ej Europie.<\/li>\n<li>Terrat sk\u0142ada si\u0119 z wysoko wykwalifikowanych i zmotywowanych profesjonalnych rekruter\u00f3w, posiadaj\u0105cych du\u017ce do\u015bwiadczenie w swojej dziedzinie, kt\u00f3rych filozofia pracy opiera si\u0119 na jako\u015bci us\u0142ug oraz satysfakcji zar\u00f3wno klienta poszukuj\u0105cego odpowiedniego pracownika jak i osoby poszukuj\u0105cej pracy.<\/li>\n<li>Koncentruj\u0105c si\u0119 na zaufaniu naszych klient\u00f3w i kandydat\u00f3w poszukuj\u0105cych pracy, staramy si\u0119 nawi\u0105za\u0107 dobre relacje, prezentuj\u0105c tym samym profesjonaln\u0105 obs\u0142ug\u0119.<\/li>\n<li>Klienci oraz poszukuj\u0105cy pracy wybieraj\u0105c us\u0142ugi Terrat kieruj\u0105 si\u0119 \u015bcis\u0142ym przestrzeganiem przepis\u00f3w pod wzgl\u0119dem pracy, spraw spo\u0142ecznych i bezpiecze\u0144stwa w r\u00f3\u017cnych jurysdykcjach \/krajach, w kt\u00f3rych dzia\u0142aj\u0105.<\/li>\n<li>W Terrat, z maksymalna przejrzysto\u015bci\u0105, staramy si\u0119 zapewni\u0107 kandydatom poszukuj\u0105cym pracy atrakcyjne projekty, dostosowane do ich do\u015bwiadczenia zawodowego, kompetencji i oczekiwa\u0144.<\/li>\n<li>Terrat dba o to, aby wszyscy kandydaci wybrani do zatrudnienia byli odpowiednimi osobami na swoje stanowiska, przygotowuj\u0105c ich wcze\u015bniej przez podanie szczeg\u00f3\u0142owych informacje na temat miejsca pracy, przewidywanego czasu pracy, podstawowych warunk\u00f3w umowy, szczeg\u00f3lnych wymaga\u0144 dotycz\u0105cych stanowiska i innych warunk\u00f3w pracy.<\/li>\n<\/ul>\n<\/div><\/div><\/div><\/div><\/div><\/p>","protected":false},"excerpt":{"rendered":"","protected":false},"author":1,"featured_media":0,"parent":0,"menu_order":6,"comment_status":"closed","ping_status":"closed","template":"","meta":{"footnotes":""},"class_list":["post-1394","page","type-page","status-publish","hentry"],"_links":{"self":[{"href":"https:\/\/terratrecruit.com\/pl\/wp-json\/wp\/v2\/pages\/1394","targetHints":{"allow":["GET"]}}],"collection":[{"href":"https:\/\/terratrecruit.com\/pl\/wp-json\/wp\/v2\/pages"}],"about":[{"href":"https:\/\/terratrecruit.com\/pl\/wp-json\/wp\/v2\/types\/page"}],"author":[{"embeddable":true,"href":"https:\/\/terratrecruit.com\/pl\/wp-json\/wp\/v2\/users\/1"}],"replies":[{"embeddable":true,"href":"https:\/\/terratrecruit.com\/pl\/wp-json\/wp\/v2\/comments?post=1394"}],"version-history":[{"count":0,"href":"https:\/\/terratrecruit.com\/pl\/wp-json\/wp\/v2\/pages\/1394\/revisions"}],"wp:attachment":[{"href":"https:\/\/terratrecruit.com\/pl\/wp-json\/wp\/v2\/media?parent=1394"}],"curies":[{"name":"wp","href":"https:\/\/api.w.org\/{rel}","templated":true}]}}